{"id":22,"date":"2017-11-02T15:41:24","date_gmt":"2017-11-02T14:41:24","guid":{"rendered":"https:\/\/www.evarugelphotography.de\/shop\/zahlungsweisen\/"},"modified":"2018-05-16T17:46:00","modified_gmt":"2018-05-16T15:46:00","slug":"zahlungsweisen","status":"publish","type":"page","link":"https:\/\/www.evarugelphotography.de\/shop\/zahlungsweisen\/","title":{"rendered":"Zahlungsweisen"},"content":{"rendered":"<p><strong>Zahlungsarten<\/strong><\/p>\n<p>Wir bieten Ihnen folgende Zahlungsarten an. Suchen Sie sich einfach die f\u00fcr Sie optimale Zahlart aus. Die Versandkosten sind teilweise abh\u00e4ngig von der gew\u00e4hlten Zahlungsart. Die in den jeweiligen Angeboten angef\u00fchrten Preise stellen Endpreise dar. Sie beinhalten alle Preisbestandteile einschlie\u00dflich etwaig anfallender Steuern wie Mehrwertsteuer. Nur bei grenz\u00fcberschreitender Lieferung k\u00f6nnen im Einzelfall weitere Steuern (z.B. im Falle eines innergemeinschaftlichen Erwerbs) und\/oder Abgaben (z.B. Z\u00f6lle) von Ihnen zu zahlen sein, jedoch nicht an den Verk\u00e4ufer, sondern an die dort zust\u00e4ndigen Zoll- bzw. Steuerbeh\u00f6rden. Die anfallenden Liefer- und Versandkosten sind nicht im Kaufpreis enthalten, sie sind \u00fcber die Seite \u201eVersandkosten\u201c aufrufbar, werden im Laufe des Bestellvorganges gesondert ausgewiesen und sind von Ihnen zus\u00e4tzlich zu tragen.<\/p>\n<p><em>PayPal<\/em><\/p>\n<p>Noch schneller und sicherer bezahlen mit ihrem PayPal-Konto.<\/p>\n<p><em>Vorkasse<\/em><\/p>\n<p>Kostenloser Versand innerhalb Deutschlands (Au\u00dfer Express-Versand)<\/p>\n<p>Bitte \u00fcberweisen Sie den Gesamtbetrag Ihrer Bestellung auf unser Konto:<br \/>\nKontoinhaberin: Eva Maria Rugel<br \/>\nKreditinstitut: Volksbank Breisgau-S\u00fcd<br \/>\nIBAN: DE 96 6806 1505 0030 2861 03<br \/>\nSWIFT: GENODE61IHR<\/p>\n","protected":false},"excerpt":{"rendered":"<p>Zahlungsarten Wir bieten Ihnen folgende Zahlungsarten an. Suchen Sie sich einfach die f\u00fcr Sie optimale Zahlart aus. Die Versandkosten sind teilweise abh\u00e4ngig von der gew\u00e4hlten Zahlungsart. Die in den jeweiligen Angeboten angef\u00fchrten Preise stellen Endpreise dar. Sie beinhalten alle Preisbestandteile einschlie\u00dflich etwaig anfallender Steuern wie Mehrwertsteuer. Nur bei grenz\u00fcberschreitender Lieferung k\u00f6nnen im Einzelfall weitere Steuern (z.B. im Falle eines innergemeinschaftlichen Erwerbs) und\/oder Abgaben (z.B. Z\u00f6lle) von Ihnen zu zahlen sein, jedoch nicht an den Verk\u00e4ufer, sondern an die dort zust\u00e4ndigen Zoll- bzw. Steuerbeh\u00f6rden. Die anfallenden Liefer- und Versandkosten sind nicht im Kaufpreis enthalten, sie sind \u00fcber die Seite \u201eVersandkosten\u201c aufrufbar, werden im Laufe des Bestellvorganges gesondert ausgewiesen und sind von Ihnen zus\u00e4tzlich zu tragen. PayPal Noch schneller und sicherer bezahlen mit ihrem PayPal-Konto. Vorkasse Kostenloser Versand innerhalb Deutschlands (Au\u00dfer Express-Versand) Bitte \u00fcberweisen Sie den Gesamtbetrag Ihrer Bestellung auf unser Konto: Kontoinhaberin: Eva Maria Rugel Kreditinstitut: Volksbank Breisgau-S\u00fcd IBAN: DE 96 6806 1505 0030 2861 03 SWIFT: GENODE61IHR<\/p>\n","protected":false},"author":1,"featured_media":0,"parent":0,"menu_order":0,"comment_status":"closed","ping_status":"closed","template":"","meta":{"footnotes":""},"class_list":["post-22","page","type-page","status-publish","hentry"],"_links":{"self":[{"href":"https:\/\/www.evarugelphotography.de\/shop\/wp-json\/wp\/v2\/pages\/22","targetHints":{"allow":["GET"]}}],"collection":[{"href":"https:\/\/www.evarugelphotography.de\/shop\/wp-json\/wp\/v2\/pages"}],"about":[{"href":"https:\/\/www.evarugelphotography.de\/shop\/wp-json\/wp\/v2\/types\/page"}],"author":[{"embeddable":true,"href":"https:\/\/www.evarugelphotography.de\/shop\/wp-json\/wp\/v2\/users\/1"}],"replies":[{"embeddable":true,"href":"https:\/\/www.evarugelphotography.de\/shop\/wp-json\/wp\/v2\/comments?post=22"}],"version-history":[{"count":7,"href":"https:\/\/www.evarugelphotography.de\/shop\/wp-json\/wp\/v2\/pages\/22\/revisions"}],"predecessor-version":[{"id":421,"href":"https:\/\/www.evarugelphotography.de\/shop\/wp-json\/wp\/v2\/pages\/22\/revisions\/421"}],"wp:attachment":[{"href":"https:\/\/www.evarugelphotography.de\/shop\/wp-json\/wp\/v2\/media?parent=22"}],"curies":[{"name":"wp","href":"https:\/\/api.w.org\/{rel}","templated":true}]}}