{"id":241,"date":"2017-11-02T12:58:47","date_gmt":"2017-11-02T11:58:47","guid":{"rendered":"https:\/\/www.evarugelphotography.de\/shop\/?post_type=product&#038;p=241"},"modified":"2020-01-21T09:50:11","modified_gmt":"2020-01-21T08:50:11","slug":"doppelkarten-klappkarten-fotografie-designerbox","status":"publish","type":"product","link":"https:\/\/www.evarugelphotography.de\/shop\/produkt\/doppelkarten-klappkarten-fotografie-designerbox\/","title":{"rendered":"World<strong>Moments<\/strong> \u2013 Open Space<br\/>Doppelkarten in umweltfreundlicher Designerbox"},"content":{"rendered":"<p>World<strong>Moments<\/strong> \u2013 Open Space<\/p>\n<p><strong>Weite, Welt, Innehalten<\/strong><\/p>\n<p>Kennen Sie die Freude \u00fcber eine handgeschriebene Karte? Greifen Sie doch einfach mal wieder selber zum Stift und versenden besondere Gr\u00fc\u00dfe und Gedanken. Die World Moments Photographie-Postkarten zeigen lebendige Momente, die wahrhaftig von dieser Welt sind. W\u00e4hlen Sie zwischen den Editionen Peace, Humanity und Open Space. Die Doppelkarten werden in der nat\u00fcrlich schicken Box geliefert \u2013 f\u00fcr Ihr pers\u00f6nliches Schreiberlebnis oder als bildsch\u00f6nes Mitbringsel.<\/p>\n","protected":false},"excerpt":{"rendered":"<h2>Doppelkarten mit gef\u00fctterten Briefumschl\u00e4gen<\/h2>\n<ul>\n<li>Edition von 10 Doppelkarten<\/li>\n<li>mit gef\u00fctterten Umschl\u00e4gen<\/li>\n<li>100% Recyclingpapier<\/li>\n<li>Motive: Weite, Welt, Innehalten<\/li>\n<\/ul>\n","protected":false},"featured_media":133,"template":"","meta":[],"product_brand":[],"product_cat":[40,52],"product_tag":[],"class_list":{"0":"post-241","1":"product","2":"type-product","3":"status-publish","4":"has-post-thumbnail","6":"product_cat-b_doppelkarten","7":"product_cat-umweltfreundliche-designerbox","8":"pif-has-gallery","10":"first","11":"instock","12":"shipping-taxable","13":"purchasable","14":"product-type-simple"},"_links":{"self":[{"href":"https:\/\/www.evarugelphotography.de\/shop\/wp-json\/wp\/v2\/product\/241","targetHints":{"allow":["GET"]}}],"collection":[{"href":"https:\/\/www.evarugelphotography.de\/shop\/wp-json\/wp\/v2\/product"}],"about":[{"href":"https:\/\/www.evarugelphotography.de\/shop\/wp-json\/wp\/v2\/types\/product"}],"wp:featuredmedia":[{"embeddable":true,"href":"https:\/\/www.evarugelphotography.de\/shop\/wp-json\/wp\/v2\/media\/133"}],"wp:attachment":[{"href":"https:\/\/www.evarugelphotography.de\/shop\/wp-json\/wp\/v2\/media?parent=241"}],"wp:term":[{"taxonomy":"product_brand","embeddable":true,"href":"https:\/\/www.evarugelphotography.de\/shop\/wp-json\/wp\/v2\/product_brand?post=241"},{"taxonomy":"product_cat","embeddable":true,"href":"https:\/\/www.evarugelphotography.de\/shop\/wp-json\/wp\/v2\/product_cat?post=241"},{"taxonomy":"product_tag","embeddable":true,"href":"https:\/\/www.evarugelphotography.de\/shop\/wp-json\/wp\/v2\/product_tag?post=241"}],"curies":[{"name":"wp","href":"https:\/\/api.w.org\/{rel}","templated":true}]}}