{"id":46,"date":"2022-10-26T09:15:55","date_gmt":"2022-10-26T07:15:55","guid":{"rendered":"https:\/\/www.evarugelphotography.de\/shop\/?post_type=product&#038;p=46"},"modified":"2022-12-12T09:47:22","modified_gmt":"2022-12-12T08:47:22","slug":"weihnachtskarte-fotografie-christmas-card","status":"publish","type":"product","link":"https:\/\/www.evarugelphotography.de\/shop\/produkt\/weihnachtskarte-fotografie-christmas-card\/","title":{"rendered":"Christmas<strong>Card<\/strong> Collection <br\/>Weihnachtskarten in umweltfreundlicher Designerbox"},"content":{"rendered":"<h3>Weihnachtskarten Edition<\/h3>\n<p>F\u00fcr alle, die Weihnachten besondere World Moments verschenken m\u00f6chten. Die herausnehmbaren Einlegebl\u00e4tter mit Textzeilen aus Lukas 2,14 (\u201eEhre sei Gott in der H\u00f6he und Friede auf Erden bei den Menschen seiner Gnade\u201d) laden ein zum Innehalten und Besinnen \u2013 und zum Versenden von besonderen Weihnachtsgr\u00fc\u00dfen an besondere Menschen. Ein weltumspannendes Advents- und Weihnachtserlebnis.<\/p>\n","protected":false},"excerpt":{"rendered":"<h2>Weihnachtskarten<\/h2>\n<ul>\n<li>12 Doppelkarten mit gef\u00fctterten Umschl\u00e4gen<\/li>\n<li>Edition mit 3 Motiven<\/li>\n<li>jeweils 4 Karten pro Motiv<\/li>\n<li>Einlegebl\u00e4tter herausnehmbar<\/li>\n<li>100% Recyclingpapier<\/li>\n<\/ul>\n","protected":false},"featured_media":96,"template":"","meta":[],"product_brand":[],"product_cat":[40,52,38],"product_tag":[],"class_list":{"0":"post-46","1":"product","2":"type-product","3":"status-publish","4":"has-post-thumbnail","6":"product_cat-b_doppelkarten","7":"product_cat-umweltfreundliche-designerbox","8":"product_cat-f_weihnachten","9":"pif-has-gallery","11":"first","12":"instock","13":"shipping-taxable","14":"purchasable","15":"product-type-simple"},"_links":{"self":[{"href":"https:\/\/www.evarugelphotography.de\/shop\/wp-json\/wp\/v2\/product\/46","targetHints":{"allow":["GET"]}}],"collection":[{"href":"https:\/\/www.evarugelphotography.de\/shop\/wp-json\/wp\/v2\/product"}],"about":[{"href":"https:\/\/www.evarugelphotography.de\/shop\/wp-json\/wp\/v2\/types\/product"}],"wp:featuredmedia":[{"embeddable":true,"href":"https:\/\/www.evarugelphotography.de\/shop\/wp-json\/wp\/v2\/media\/96"}],"wp:attachment":[{"href":"https:\/\/www.evarugelphotography.de\/shop\/wp-json\/wp\/v2\/media?parent=46"}],"wp:term":[{"taxonomy":"product_brand","embeddable":true,"href":"https:\/\/www.evarugelphotography.de\/shop\/wp-json\/wp\/v2\/product_brand?post=46"},{"taxonomy":"product_cat","embeddable":true,"href":"https:\/\/www.evarugelphotography.de\/shop\/wp-json\/wp\/v2\/product_cat?post=46"},{"taxonomy":"product_tag","embeddable":true,"href":"https:\/\/www.evarugelphotography.de\/shop\/wp-json\/wp\/v2\/product_tag?post=46"}],"curies":[{"name":"wp","href":"https:\/\/api.w.org\/{rel}","templated":true}]}}