{"id":699,"date":"2019-04-07T10:37:28","date_gmt":"2019-04-07T08:37:28","guid":{"rendered":"https:\/\/www.evarugelphotography.de\/shop\/?post_type=product&#038;p=699"},"modified":"2022-12-12T10:05:16","modified_gmt":"2022-12-12T09:05:16","slug":"fruehlingsgruesse-aus-kappel-karteneditiondoppelkarten-im-umweltfreundlichen-umschlag","status":"publish","type":"product","link":"https:\/\/www.evarugelphotography.de\/shop\/produkt\/fruehlingsgruesse-aus-kappel-karteneditiondoppelkarten-im-umweltfreundlichen-umschlag\/","title":{"rendered":"<strong>Fr\u00fchlingsgr\u00fc\u00dfe aus Kappel <\/strong>Kartenedition<br\/>Doppelkarten im umweltfreundlichen Umschlag"},"content":{"rendered":"<div class=\"shop_text\">\n<h3><strong>Fr\u00fchlingsgr\u00fc\u00dfe aus Kappel<\/strong> Kartenedition<\/h3>\n<p><strong>Doppelkarten mit gef\u00fctterten Briefumschl\u00e4gen<\/strong><\/p>\n<\/div>\n<p>Aus aktuellem Anlass habe ich mein fotografisches T\u00e4tigkeitsfeld auf die direkte Umgebung verlegt. Die pl\u00f6tzliche Freiheit von Terminen erm\u00f6glichte ein musevolles Durchstreifen der Natur vor meiner Haust\u00fcre. Das Dorf Kappel, im Osten von Freiburg, bietet mit seinen beiden bisweilen fast alpin anmutenden T\u00e4lern und seinem schmucken Barockkirchlein im erwachendem Fr\u00fchling zeitlose Motive.<\/p>\n<p>Die Sammlung versteht sich als Hommage an alle, die mit ihrem Einsatz zur Zeit das Leben am Laufen halten. Sie soll Betrachtenden und Schreibenden Gelegenheit geben, ihre Sinne auf den Fr\u00fchling richten und tief durchzuatmen.<\/p>\n","protected":false},"excerpt":{"rendered":"<h2>Doppelkarten mit gef\u00fctterten Briefumschl\u00e4gen<\/h2>\n<ul>\n<li>Edition von 5 Doppelkarten<\/li>\n<li>5 verschiedene Motive<\/li>\n<li>gedruckt auf 100 % Recyclingpapier<\/li>\n<li>Motive eines Schwarzwaldtales im Fr\u00fchling<\/li>\n<\/ul>\n","protected":false},"featured_media":700,"template":"","meta":[],"product_brand":[],"product_cat":[40,56],"product_tag":[],"class_list":{"0":"post-699","1":"product","2":"type-product","3":"status-publish","4":"has-post-thumbnail","6":"product_cat-b_doppelkarten","7":"product_cat-umweltfreundlicher-umschlag","8":"product_shipping_class-briefpost","9":"pif-has-gallery","11":"first","12":"instock","13":"shipping-taxable","14":"purchasable","15":"product-type-simple"},"_links":{"self":[{"href":"https:\/\/www.evarugelphotography.de\/shop\/wp-json\/wp\/v2\/product\/699","targetHints":{"allow":["GET"]}}],"collection":[{"href":"https:\/\/www.evarugelphotography.de\/shop\/wp-json\/wp\/v2\/product"}],"about":[{"href":"https:\/\/www.evarugelphotography.de\/shop\/wp-json\/wp\/v2\/types\/product"}],"wp:featuredmedia":[{"embeddable":true,"href":"https:\/\/www.evarugelphotography.de\/shop\/wp-json\/wp\/v2\/media\/700"}],"wp:attachment":[{"href":"https:\/\/www.evarugelphotography.de\/shop\/wp-json\/wp\/v2\/media?parent=699"}],"wp:term":[{"taxonomy":"product_brand","embeddable":true,"href":"https:\/\/www.evarugelphotography.de\/shop\/wp-json\/wp\/v2\/product_brand?post=699"},{"taxonomy":"product_cat","embeddable":true,"href":"https:\/\/www.evarugelphotography.de\/shop\/wp-json\/wp\/v2\/product_cat?post=699"},{"taxonomy":"product_tag","embeddable":true,"href":"https:\/\/www.evarugelphotography.de\/shop\/wp-json\/wp\/v2\/product_tag?post=699"}],"curies":[{"name":"wp","href":"https:\/\/api.w.org\/{rel}","templated":true}]}}