{"id":736,"date":"2016-07-07T13:43:33","date_gmt":"2016-07-07T11:43:33","guid":{"rendered":"https:\/\/www.evarugelphotography.de\/shop\/?post_type=product&#038;p=736"},"modified":"2022-12-12T09:56:44","modified_gmt":"2022-12-12T08:56:44","slug":"thin-places-2022-kalender-21x48cm","status":"publish","type":"product","link":"https:\/\/www.evarugelphotography.de\/shop\/produkt\/thin-places-2022-kalender-21x48cm\/","title":{"rendered":"Thin Places 2022 \u2013 <b>Kalender<\/b> 21x48cm"},"content":{"rendered":"<div class=\"shop_text\">\n<h3><strong>Thin Places 2022<\/strong><\/h3>\n<p><strong>13 Fotografien von Eva Rugel<\/strong><br \/>\nDer Kalender widmet sich 12 Orten in Australien, Asien und Europa, die der Fotografin unter die Haut gegangen sind. Der Ausdruck Thin places kommt aus der keltischen Tradition und verweist auf Orte, die eine besondere spirituelle Bedeutung haben. Dabei kann es sich um religi\u00f6se St\u00e4tten genauso handeln wie um Naturschaupl\u00e4tze.<br \/>\nAls Referenz sind je drei Zusatzbilder und Kurztexte in das Kalendarium eingef\u00fcgt.<br \/>\nDie Kalenderseiten sind vom Melbourner Designer David Wong farblich kongenial gestaltet.<\/p>\n<p><strong>Ma\u00dfe:<\/strong><br \/>\n21 cm x 19 cm zusammengeklappt<br \/>\n21 cm x 48 cm ge\u00f6ffnet<\/p>\n<p><em>Photographie: Eva Rugel<\/em><br \/>\n<em>Design\/Layout: David Wong<\/em><br \/>\n<em>Druck: Dreisamdruck<\/em><\/p>\n<\/div>\n","protected":false},"excerpt":{"rendered":"<ul>\n<li>13 Motive gro\u00df, 36 Motive klein<\/li>\n<li>deutsches Kalendarium<\/li>\n<li>Intro-Text und Bildbeschreibungen auf englisch<\/li>\n<li>Farbiges Design von David Wong<\/li>\n<\/ul>\n<p><strong style=\"color: red;\">\u00a0<\/strong><\/p>\n","protected":false},"featured_media":737,"template":"","meta":[],"product_brand":[],"product_cat":[46],"product_tag":[],"class_list":{"0":"post-736","1":"product","2":"type-product","3":"status-publish","4":"has-post-thumbnail","6":"product_cat-kalender","7":"pif-has-gallery","9":"first","10":"outofstock","11":"shipping-taxable","12":"purchasable","13":"product-type-simple"},"_links":{"self":[{"href":"https:\/\/www.evarugelphotography.de\/shop\/wp-json\/wp\/v2\/product\/736","targetHints":{"allow":["GET"]}}],"collection":[{"href":"https:\/\/www.evarugelphotography.de\/shop\/wp-json\/wp\/v2\/product"}],"about":[{"href":"https:\/\/www.evarugelphotography.de\/shop\/wp-json\/wp\/v2\/types\/product"}],"wp:featuredmedia":[{"embeddable":true,"href":"https:\/\/www.evarugelphotography.de\/shop\/wp-json\/wp\/v2\/media\/737"}],"wp:attachment":[{"href":"https:\/\/www.evarugelphotography.de\/shop\/wp-json\/wp\/v2\/media?parent=736"}],"wp:term":[{"taxonomy":"product_brand","embeddable":true,"href":"https:\/\/www.evarugelphotography.de\/shop\/wp-json\/wp\/v2\/product_brand?post=736"},{"taxonomy":"product_cat","embeddable":true,"href":"https:\/\/www.evarugelphotography.de\/shop\/wp-json\/wp\/v2\/product_cat?post=736"},{"taxonomy":"product_tag","embeddable":true,"href":"https:\/\/www.evarugelphotography.de\/shop\/wp-json\/wp\/v2\/product_tag?post=736"}],"curies":[{"name":"wp","href":"https:\/\/api.w.org\/{rel}","templated":true}]}}