{"id":81,"date":"2017-11-28T14:35:04","date_gmt":"2017-11-28T13:35:04","guid":{"rendered":"https:\/\/www.evarugelphotography.de\/shop\/?post_type=product&#038;p=81"},"modified":"2024-06-24T10:27:28","modified_gmt":"2024-06-24T08:27:28","slug":"flowerpower-fotografien-doppelkarten-designerbox","status":"publish","type":"product","link":"https:\/\/www.evarugelphotography.de\/shop\/produkt\/flowerpower-fotografien-doppelkarten-designerbox\/","title":{"rendered":"<strong>Flowerpower<\/strong>Collection<br\/>Doppelkarten in umweltfreundlicher Designerbox"},"content":{"rendered":"<div class=\"shop_text\">\n<h3><strong>Flowerpower<\/strong>Collection<\/h3>\n<p><strong>Blumenmotive f\u00fcr alle Anl\u00e4sse<br \/>\naus Australien und Deutschland<\/strong><\/p>\n<\/div>\n<p>Kennen Sie die Freude \u00fcber eine handgeschriebene Karte? Greifen Sie doch einfach mal wieder selber zum Stift und versenden besondere Gr\u00fc\u00dfe und Gedanken. Die World Moments Flowerpower-Karten zeigen exotische wie vertraute Blumenmotive aus Australien und Deutschland. Die Blumenimpressionen weisen von Gl\u00fcckwunsch- bis Kondolenzmotiven ein breites Spektrum auf. Die Doppelkarten werden in der nat\u00fcrlich schicken Box geliefert \u2013 f\u00fcr Ihr pers\u00f6nliches Schreiberlebnis oder als bildsch\u00f6nes Mitbringsel.<\/p>\n","protected":false},"excerpt":{"rendered":"<h2>Doppelkarten mit gef\u00fctterten Briefumschl\u00e4gen<\/h2>\n<ul>\n<li>Edition von 10 Doppelkarten<\/li>\n<li>mit gef\u00fctterten Umschl\u00e4gen<\/li>\n<li>100% Recyclingpapier<\/li>\n<li>Bl\u00fctenmotive aus Australien und Deutschland<\/li>\n<\/ul>\n","protected":false},"featured_media":240,"template":"","meta":[],"product_brand":[],"product_cat":[40,52],"product_tag":[],"class_list":{"0":"post-81","1":"product","2":"type-product","3":"status-publish","4":"has-post-thumbnail","6":"product_cat-b_doppelkarten","7":"product_cat-umweltfreundliche-designerbox","8":"pif-has-gallery","10":"first","11":"outofstock","12":"shipping-taxable","13":"purchasable","14":"product-type-simple"},"_links":{"self":[{"href":"https:\/\/www.evarugelphotography.de\/shop\/wp-json\/wp\/v2\/product\/81","targetHints":{"allow":["GET"]}}],"collection":[{"href":"https:\/\/www.evarugelphotography.de\/shop\/wp-json\/wp\/v2\/product"}],"about":[{"href":"https:\/\/www.evarugelphotography.de\/shop\/wp-json\/wp\/v2\/types\/product"}],"wp:featuredmedia":[{"embeddable":true,"href":"https:\/\/www.evarugelphotography.de\/shop\/wp-json\/wp\/v2\/media\/240"}],"wp:attachment":[{"href":"https:\/\/www.evarugelphotography.de\/shop\/wp-json\/wp\/v2\/media?parent=81"}],"wp:term":[{"taxonomy":"product_brand","embeddable":true,"href":"https:\/\/www.evarugelphotography.de\/shop\/wp-json\/wp\/v2\/product_brand?post=81"},{"taxonomy":"product_cat","embeddable":true,"href":"https:\/\/www.evarugelphotography.de\/shop\/wp-json\/wp\/v2\/product_cat?post=81"},{"taxonomy":"product_tag","embeddable":true,"href":"https:\/\/www.evarugelphotography.de\/shop\/wp-json\/wp\/v2\/product_tag?post=81"}],"curies":[{"name":"wp","href":"https:\/\/api.w.org\/{rel}","templated":true}]}}