{"id":82,"date":"2017-11-23T14:42:55","date_gmt":"2017-11-23T13:42:55","guid":{"rendered":"https:\/\/www.evarugelphotography.de\/shop\/?post_type=product&#038;p=82"},"modified":"2017-11-29T17:23:01","modified_gmt":"2017-11-29T16:23:01","slug":"doppelkarten-klappkarten-fotografie-humanity","status":"publish","type":"product","link":"https:\/\/www.evarugelphotography.de\/shop\/produkt\/doppelkarten-klappkarten-fotografie-humanity\/","title":{"rendered":"World<strong>Moments<\/strong> \u2013 Humanity <br>Doppelkarten in Origami-Geschenkverpackung"},"content":{"rendered":"<p>World<strong>Moments<\/strong> \u2013 Humanity<br \/>\nDoppelkartenin goldfarbener Origami-Geschenkverpackung mit Glitzerschimmer<\/p>\n<p><strong>Vertrauen, Begegnung, Lebensfreude<\/strong><\/p>\n<p>Speziell ausgew\u00e4hlt f\u00fcr die Ausstellung <em>Herbert Maier: wer wir sind<\/em><br \/>\nMuseum f\u00fcr Neue Kunst Freiburg<\/p>\n<p>Kennen Sie die Freude \u00fcber eine handgeschriebene Karte? Greifen Sie doch einfach mal wieder selber zum Stift und versenden besondere Gr\u00fc\u00dfe und Gedanken. Die World Moments Photographie-Postkarten zeigen lebendige Momente, die wahrhaftig von dieser Welt sind. W\u00e4hlen Sie zwischen den Editionen Peace, Humanity und Open Space. Die Doppelkarten werden in der nat\u00fcrlich schicken Box geliefert \u2013 f\u00fcr Ihr pers\u00f6nliches Schreiberlebnis oder als bildsch\u00f6nes Mitbringsel.<\/p>\n","protected":false},"excerpt":{"rendered":"<h2>Doppelkarten mit gef\u00fctterten Briefumschl\u00e4gen in Origami-Geschenkverpackung<\/h2>\n<ul>\n<li>Edition von 10 Doppelkarten<\/li>\n<li>mit gef\u00fctterten Umschl\u00e4gen<\/li>\n<li>Doppelkarten und Umschl\u00e4ge aus 100% Recyclingpapier<\/li>\n<li>goldfarbene Origami-Geschenkverpackung mit Glitzerschimmer<\/li>\n<li>Motive: Vertrauen, Begegnung, Lebensfreude<\/li>\n<\/ul>\n","protected":false},"featured_media":118,"template":"","meta":[],"product_brand":[],"product_cat":[40,39],"product_tag":[],"class_list":{"0":"post-82","1":"product","2":"type-product","3":"status-publish","4":"has-post-thumbnail","6":"product_cat-b_doppelkarten","7":"product_cat-c_origami-geschenkverpackung","8":"pif-has-gallery","10":"first","11":"instock","12":"shipping-taxable","13":"purchasable","14":"product-type-simple"},"_links":{"self":[{"href":"https:\/\/www.evarugelphotography.de\/shop\/wp-json\/wp\/v2\/product\/82","targetHints":{"allow":["GET"]}}],"collection":[{"href":"https:\/\/www.evarugelphotography.de\/shop\/wp-json\/wp\/v2\/product"}],"about":[{"href":"https:\/\/www.evarugelphotography.de\/shop\/wp-json\/wp\/v2\/types\/product"}],"wp:featuredmedia":[{"embeddable":true,"href":"https:\/\/www.evarugelphotography.de\/shop\/wp-json\/wp\/v2\/media\/118"}],"wp:attachment":[{"href":"https:\/\/www.evarugelphotography.de\/shop\/wp-json\/wp\/v2\/media?parent=82"}],"wp:term":[{"taxonomy":"product_brand","embeddable":true,"href":"https:\/\/www.evarugelphotography.de\/shop\/wp-json\/wp\/v2\/product_brand?post=82"},{"taxonomy":"product_cat","embeddable":true,"href":"https:\/\/www.evarugelphotography.de\/shop\/wp-json\/wp\/v2\/product_cat?post=82"},{"taxonomy":"product_tag","embeddable":true,"href":"https:\/\/www.evarugelphotography.de\/shop\/wp-json\/wp\/v2\/product_tag?post=82"}],"curies":[{"name":"wp","href":"https:\/\/api.w.org\/{rel}","templated":true}]}}